{"id":8,"date":"2022-07-19T16:04:00","date_gmt":"2022-07-19T16:04:00","guid":{"rendered":"https:\/\/chaparrus.pt\/?page_id=8"},"modified":"2023-05-10T17:24:30","modified_gmt":"2023-05-10T17:24:30","slug":"elementor-8","status":"publish","type":"page","link":"https:\/\/chaparrus.pt\/en\/elementor-8\/","title":{"rendered":"Coming Soon"},"content":{"rendered":"<div data-elementor-type=\"wp-post\" data-elementor-id=\"8\" class=\"elementor elementor-8\" data-elementor-post-type=\"page\">\n\t\t\t\t\t\t<section class=\"elementor-section elementor-top-section elementor-element elementor-element-eeea76e elementor-section-content-middle elementor-section-height-full elementor-section-full_width elementor-section-stretched elementor-section-height-default elementor-section-items-middle\" data-id=\"eeea76e\" data-element_type=\"section\" id=\"top\" data-settings=\"{&quot;background_background&quot;:&quot;classic&quot;,&quot;stretch_section&quot;:&quot;section-stretched&quot;}\">\n\t\t\t\t\t\t\t<div class=\"elementor-background-overlay\"><\/div>\n\t\t\t\t\t\t\t<div class=\"elementor-container elementor-column-gap-no\">\n\t\t\t\t\t<div class=\"elementor-column elementor-col-100 elementor-top-column elementor-element elementor-element-2139f068\" data-id=\"2139f068\" data-element_type=\"column\">\n\t\t\t<div class=\"elementor-widget-wrap elementor-element-populated\">\n\t\t\t\t\t\t<div class=\"elementor-element elementor-element-c5c82f1 elementor-widget elementor-widget-image\" data-id=\"c5c82f1\" data-element_type=\"widget\" data-widget_type=\"image.default\">\n\t\t\t\t<div class=\"elementor-widget-container\">\n\t\t\t<style>\/*! elementor - v3.23.0 - 05-08-2024 *\/\n.elementor-widget-image{text-align:center}.elementor-widget-image a{display:inline-block}.elementor-widget-image a img[src$=\".svg\"]{width:48px}.elementor-widget-image img{vertical-align:middle;display:inline-block}<\/style>\t\t\t\t\t\t\t\t\t\t<img decoding=\"async\" width=\"230\" height=\"72\" src=\"https:\/\/chaparrus.pt\/wp-content\/uploads\/2022\/08\/logo-chaparrus-white.png\" class=\"attachment-full size-full wp-image-112\" alt=\"logo-chaparrus-white\" srcset=\"https:\/\/chaparrus.pt\/wp-content\/uploads\/2022\/08\/logo-chaparrus-white.png 230w, https:\/\/chaparrus.pt\/wp-content\/uploads\/2022\/08\/logo-chaparrus-white-18x6.png 18w, https:\/\/chaparrus.pt\/wp-content\/uploads\/2022\/08\/logo-chaparrus-white-50x16.png 50w\" sizes=\"(max-width: 230px) 100vw, 230px\" \/>\t\t\t\t\t\t\t\t\t\t\t\t\t<\/div>\n\t\t\t\t<\/div>\n\t\t\t\t<div class=\"elementor-element elementor-element-5b7ac960 elementor-invisible elementor-widget elementor-widget-heading\" data-id=\"5b7ac960\" data-element_type=\"widget\" data-settings=\"{&quot;_animation&quot;:&quot;fadeIn&quot;}\" data-widget_type=\"heading.default\">\n\t\t\t\t<div class=\"elementor-widget-container\">\n\t\t\t<style>\/*! elementor - v3.23.0 - 05-08-2024 *\/\n.elementor-heading-title{padding:0;margin:0;line-height:1}.elementor-widget-heading .elementor-heading-title[class*=elementor-size-]>a{color:inherit;font-size:inherit;line-height:inherit}.elementor-widget-heading .elementor-heading-title.elementor-size-small{font-size:15px}.elementor-widget-heading .elementor-heading-title.elementor-size-medium{font-size:19px}.elementor-widget-heading .elementor-heading-title.elementor-size-large{font-size:29px}.elementor-widget-heading .elementor-heading-title.elementor-size-xl{font-size:39px}.elementor-widget-heading .elementor-heading-title.elementor-size-xxl{font-size:59px}<\/style><h1 class=\"elementor-heading-title elementor-size-xxl\">Sobre a Chaparru's <\/h1>\t\t<\/div>\n\t\t\t\t<\/div>\n\t\t\t\t<div class=\"elementor-element elementor-element-1ff156e6 elementor-invisible elementor-widget elementor-widget-text-editor\" data-id=\"1ff156e6\" data-element_type=\"widget\" data-settings=\"{&quot;_animation&quot;:&quot;fadeIn&quot;}\" data-widget_type=\"text-editor.default\">\n\t\t\t\t<div class=\"elementor-widget-container\">\n\t\t\t<style>\/*! elementor - v3.23.0 - 05-08-2024 *\/\n.elementor-widget-text-editor.elementor-drop-cap-view-stacked .elementor-drop-cap{background-color:#69727d;color:#fff}.elementor-widget-text-editor.elementor-drop-cap-view-framed .elementor-drop-cap{color:#69727d;border:3px solid;background-color:transparent}.elementor-widget-text-editor:not(.elementor-drop-cap-view-default) .elementor-drop-cap{margin-top:8px}.elementor-widget-text-editor:not(.elementor-drop-cap-view-default) .elementor-drop-cap-letter{width:1em;height:1em}.elementor-widget-text-editor .elementor-drop-cap{float:left;text-align:center;line-height:1;font-size:50px}.elementor-widget-text-editor .elementor-drop-cap-letter{display:inline-block}<\/style>\t\t\t\t<p>Os nossos percursos s\u00e3o privados e conduzidos por guias locais, com forma\u00e7\u00e3o na \u00e1rea de turismo e lazer, com conhecimentos da hist\u00f3ria, cultura, arte e arquitetura de Lisboa e Portugal e aut\u00eanticos apaixonados pela nossa cidade e pa\u00eds.<\/p>\t\t\t\t\t\t<\/div>\n\t\t\t\t<\/div>\n\t\t\t\t<div class=\"elementor-element elementor-element-75bee0ee elementor-widget elementor-widget-spacer\" data-id=\"75bee0ee\" data-element_type=\"widget\" data-widget_type=\"spacer.default\">\n\t\t\t\t<div class=\"elementor-widget-container\">\n\t\t\t<style>\/*! elementor - v3.23.0 - 05-08-2024 *\/\n.elementor-column .elementor-spacer-inner{height:var(--spacer-size)}.e-con{--container-widget-width:100%}.e-con-inner>.elementor-widget-spacer,.e-con>.elementor-widget-spacer{width:var(--container-widget-width,var(--spacer-size));--align-self:var(--container-widget-align-self,initial);--flex-shrink:0}.e-con-inner>.elementor-widget-spacer>.elementor-widget-container,.e-con>.elementor-widget-spacer>.elementor-widget-container{height:100%;width:100%}.e-con-inner>.elementor-widget-spacer>.elementor-widget-container>.elementor-spacer,.e-con>.elementor-widget-spacer>.elementor-widget-container>.elementor-spacer{height:100%}.e-con-inner>.elementor-widget-spacer>.elementor-widget-container>.elementor-spacer>.elementor-spacer-inner,.e-con>.elementor-widget-spacer>.elementor-widget-container>.elementor-spacer>.elementor-spacer-inner{height:var(--container-widget-height,var(--spacer-size))}.e-con-inner>.elementor-widget-spacer.elementor-widget-empty,.e-con>.elementor-widget-spacer.elementor-widget-empty{position:relative;min-height:22px;min-width:22px}.e-con-inner>.elementor-widget-spacer.elementor-widget-empty .elementor-widget-empty-icon,.e-con>.elementor-widget-spacer.elementor-widget-empty .elementor-widget-empty-icon{position:absolute;top:0;bottom:0;left:0;right:0;margin:auto;padding:0;width:22px;height:22px}<\/style>\t\t<div class=\"elementor-spacer\">\n\t\t\t<div class=\"elementor-spacer-inner\"><\/div>\n\t\t<\/div>\n\t\t\t\t<\/div>\n\t\t\t\t<\/div>\n\t\t\t\t<div class=\"elementor-element elementor-element-787ba744 elementor-align-left elementor-invisible elementor-widget elementor-widget-button\" data-id=\"787ba744\" data-element_type=\"widget\" data-settings=\"{&quot;_animation&quot;:&quot;fadeInUp&quot;,&quot;_animation_delay&quot;:800}\" data-widget_type=\"button.default\">\n\t\t\t\t<div class=\"elementor-widget-container\">\n\t\t\t\t\t<div class=\"elementor-button-wrapper\">\n\t\t\t<a class=\"elementor-button elementor-button-link elementor-size-md elementor-animation-sink\" href=\"tel: 351965898676\">\n\t\t\t\t\t\t<span class=\"elementor-button-content-wrapper\">\n\t\t\t\t\t\t<span class=\"elementor-button-icon\">\n\t\t\t\t<i aria-hidden=\"true\" class=\"fas fa-long-arrow-alt-down\"><\/i>\t\t\t<\/span>\n\t\t\t\t\t\t\t\t\t<span class=\"elementor-button-text\">LIGUE J\u00c1<\/span>\n\t\t\t\t\t<\/span>\n\t\t\t\t\t<\/a>\n\t\t<\/div>\n\t\t\t\t<\/div>\n\t\t\t\t<\/div>\n\t\t\t\t\t<\/div>\n\t\t<\/div>\n\t\t\t\t\t<\/div>\n\t\t<\/section>\n\t\t\t\t<\/div>","protected":false},"excerpt":{"rendered":"<p>Sobre a Chaparru&#8217;s Os nossos percursos s\u00e3o privados e conduzidos por guias locais, com forma\u00e7\u00e3o na \u00e1rea de turismo e lazer, com conhecimentos da hist\u00f3ria, cultura, arte e arquitetura de Lisboa e Portugal e aut\u00eanticos apaixonados pela nossa cidade e pa\u00eds. LIGUE J\u00c1<\/p>","protected":false},"author":1,"featured_media":0,"parent":0,"menu_order":0,"comment_status":"closed","ping_status":"closed","template":"","meta":{"site-sidebar-layout":"default","site-content-layout":"","ast-site-content-layout":"","site-content-style":"default","site-sidebar-style":"default","ast-global-header-display":"","ast-banner-title-visibility":"","ast-main-header-display":"","ast-hfb-above-header-display":"","ast-hfb-below-header-display":"","ast-hfb-mobile-header-display":"","site-post-title":"","ast-breadcrumbs-content":"","ast-featured-img":"","footer-sml-layout":"","theme-transparent-header-meta":"","adv-header-id-meta":"","stick-header-meta":"","header-above-stick-meta":"","header-main-stick-meta":"","header-below-stick-meta":"","astra-migrate-meta-layouts":"default","ast-page-background-enabled":"default","ast-page-background-meta":{"desktop":{"background-color":"var(--ast-global-color-4)","background-image":"","background-repeat":"repeat","background-position":"center center","background-size":"auto","background-attachment":"scroll","background-type":"","background-media":"","overlay-type":"","overlay-color":"","overlay-opacity":"","overlay-gradient":""},"tablet":{"background-color":"","background-image":"","background-repeat":"repeat","background-position":"center center","background-size":"auto","background-attachment":"scroll","background-type":"","background-media":"","overlay-type":"","overlay-color":"","overlay-opacity":"","overlay-gradient":""},"mobile":{"background-color":"","background-image":"","background-repeat":"repeat","background-position":"center center","background-size":"auto","background-attachment":"scroll","background-type":"","background-media":"","overlay-type":"","overlay-color":"","overlay-opacity":"","overlay-gradient":""}},"ast-content-background-meta":{"desktop":{"background-color":"var(--ast-global-color-5)","background-image":"","background-repeat":"repeat","background-position":"center center","background-size":"auto","background-attachment":"scroll","background-type":"","background-media":"","overlay-type":"","overlay-color":"","overlay-opacity":"","overlay-gradient":""},"tablet":{"background-color":"var(--ast-global-color-5)","background-image":"","background-repeat":"repeat","background-position":"center center","background-size":"auto","background-attachment":"scroll","background-type":"","background-media":"","overlay-type":"","overlay-color":"","overlay-opacity":"","overlay-gradient":""},"mobile":{"background-color":"var(--ast-global-color-5)","background-image":"","background-repeat":"repeat","background-position":"center center","background-size":"auto","background-attachment":"scroll","background-type":"","background-media":"","overlay-type":"","overlay-color":"","overlay-opacity":"","overlay-gradient":""}},"footnotes":""},"class_list":["post-8","page","type-page","status-publish","hentry"],"yoast_head":"<!-- This site is optimized with the Yoast SEO plugin v23.3 - https:\/\/yoast.com\/wordpress\/plugins\/seo\/ -->\n<title>Coming Soon - Chaparru&#039;s<\/title>\n<meta name=\"description\" content=\"Tuk Tuk Tours Portugal, Tuk Tuk, Tuktuk, Lisboa, Passeios Tuk Tuk, passeios privados, Tours privados, tours tuk tuk lisboa, os melhores guias Lisboa, Sintra, cascais, Lisboa, F\u00e1tima, \u00d3bidos, Nazar\u00e9, Alfama, Senhora do Monte, Pante\u00e3o, S\u00e9 de Lisboa, Ginjinha, Pasteis de Bel\u00e9m, Fado, Mouraria, Bairro Alto, Cais Sodr\u00e9\" \/>\n<meta name=\"robots\" content=\"index, follow, max-snippet:-1, max-image-preview:large, max-video-preview:-1\" \/>\n<link rel=\"canonical\" href=\"https:\/\/chaparrus.pt\/en\/elementor-8\/\" \/>\n<meta property=\"og:locale\" content=\"en_GB\" \/>\n<meta property=\"og:type\" content=\"article\" \/>\n<meta property=\"og:title\" content=\"Coming Soon - Chaparru&#039;s\" \/>\n<meta property=\"og:description\" content=\"Tuk Tuk Tours Portugal, Tuk Tuk, Tuktuk, Lisboa, Passeios Tuk Tuk, passeios privados, Tours privados, tours tuk tuk lisboa, os melhores guias Lisboa, Sintra, cascais, Lisboa, F\u00e1tima, \u00d3bidos, Nazar\u00e9, Alfama, Senhora do Monte, Pante\u00e3o, S\u00e9 de Lisboa, Ginjinha, Pasteis de Bel\u00e9m, Fado, Mouraria, Bairro Alto, Cais Sodr\u00e9\" \/>\n<meta property=\"og:url\" content=\"https:\/\/chaparrus.pt\/en\/elementor-8\/\" \/>\n<meta property=\"og:site_name\" content=\"Chaparru&#039;s\" \/>\n<meta property=\"article:modified_time\" content=\"2023-05-10T17:24:30+00:00\" \/>\n<meta property=\"og:image\" content=\"https:\/\/chaparrus.pt\/wp-content\/uploads\/2022\/08\/logo-chaparrus-white-50x16.png\" \/>\n<meta name=\"twitter:card\" content=\"summary_large_image\" \/>\n<meta name=\"twitter:label1\" content=\"Estimated reading time\" \/>\n\t<meta name=\"twitter:data1\" content=\"1 minute\" \/>\n<script type=\"application\/ld+json\" class=\"yoast-schema-graph\">{\"@context\":\"https:\/\/schema.org\",\"@graph\":[{\"@type\":\"WebPage\",\"@id\":\"https:\/\/chaparrus.pt\/elementor-8\/\",\"url\":\"https:\/\/chaparrus.pt\/elementor-8\/\",\"name\":\"Coming Soon - Chaparru&#039;s\",\"isPartOf\":{\"@id\":\"https:\/\/chaparrus.pt\/#website\"},\"primaryImageOfPage\":{\"@id\":\"https:\/\/chaparrus.pt\/elementor-8\/#primaryimage\"},\"image\":{\"@id\":\"https:\/\/chaparrus.pt\/elementor-8\/#primaryimage\"},\"thumbnailUrl\":\"https:\/\/chaparrus.pt\/wp-content\/uploads\/2022\/08\/logo-chaparrus-white-50x16.png\",\"datePublished\":\"2022-07-19T16:04:00+00:00\",\"dateModified\":\"2023-05-10T17:24:30+00:00\",\"description\":\"Tuk Tuk Tours Portugal, Tuk Tuk, Tuktuk, Lisboa, Passeios Tuk Tuk, passeios privados, Tours privados, tours tuk tuk lisboa, os melhores guias Lisboa, Sintra, cascais, Lisboa, F\u00e1tima, \u00d3bidos, Nazar\u00e9, Alfama, Senhora do Monte, Pante\u00e3o, S\u00e9 de Lisboa, Ginjinha, Pasteis de Bel\u00e9m, Fado, Mouraria, Bairro Alto, Cais Sodr\u00e9\",\"breadcrumb\":{\"@id\":\"https:\/\/chaparrus.pt\/elementor-8\/#breadcrumb\"},\"inLanguage\":\"en-GB\",\"potentialAction\":[{\"@type\":\"ReadAction\",\"target\":[\"https:\/\/chaparrus.pt\/elementor-8\/\"]}]},{\"@type\":\"ImageObject\",\"inLanguage\":\"en-GB\",\"@id\":\"https:\/\/chaparrus.pt\/elementor-8\/#primaryimage\",\"url\":\"https:\/\/chaparrus.pt\/wp-content\/uploads\/2022\/08\/logo-chaparrus-white-50x16.png\",\"contentUrl\":\"https:\/\/chaparrus.pt\/wp-content\/uploads\/2022\/08\/logo-chaparrus-white-50x16.png\"},{\"@type\":\"BreadcrumbList\",\"@id\":\"https:\/\/chaparrus.pt\/elementor-8\/#breadcrumb\",\"itemListElement\":[{\"@type\":\"ListItem\",\"position\":1,\"name\":\"In\u00edcio\",\"item\":\"https:\/\/chaparrus.pt\/\"},{\"@type\":\"ListItem\",\"position\":2,\"name\":\"Coming Soon\"}]},{\"@type\":\"WebSite\",\"@id\":\"https:\/\/chaparrus.pt\/#website\",\"url\":\"https:\/\/chaparrus.pt\/\",\"name\":\"Chaparru\u00b4s\",\"description\":\"Um projeto de turismo pensado para ser animado, divertido, informativo.\",\"publisher\":{\"@id\":\"https:\/\/chaparrus.pt\/#organization\"},\"potentialAction\":[{\"@type\":\"SearchAction\",\"target\":{\"@type\":\"EntryPoint\",\"urlTemplate\":\"https:\/\/chaparrus.pt\/?s={search_term_string}\"},\"query-input\":\"required name=search_term_string\"}],\"inLanguage\":\"en-GB\"},{\"@type\":\"Organization\",\"@id\":\"https:\/\/chaparrus.pt\/#organization\",\"name\":\"Chaparru\u00b4s\",\"alternateName\":\"Chaparru\u00b4s Tourism\",\"url\":\"https:\/\/chaparrus.pt\/\",\"logo\":{\"@type\":\"ImageObject\",\"inLanguage\":\"en-GB\",\"@id\":\"https:\/\/chaparrus.pt\/#\/schema\/logo\/image\/\",\"url\":\"https:\/\/chaparrus.pt\/wp-content\/uploads\/2024\/08\/cropped-chaparrus_tours_logo_t.png\",\"contentUrl\":\"https:\/\/chaparrus.pt\/wp-content\/uploads\/2024\/08\/cropped-chaparrus_tours_logo_t.png\",\"width\":594,\"height\":472,\"caption\":\"Chaparru\u00b4s\"},\"image\":{\"@id\":\"https:\/\/chaparrus.pt\/#\/schema\/logo\/image\/\"}}]}<\/script>\n<!-- \/ Yoast SEO plugin. -->","yoast_head_json":{"title":"Coming Soon - Chaparru&#039;s","description":"Tuk Tuk Tours Portugal, Tuk Tuk, Tuktuk, Lisboa, Passeios Tuk Tuk, passeios privados, Tours privados, tours tuk tuk lisboa, os melhores guias Lisboa, Sintra, cascais, Lisboa, F\u00e1tima, \u00d3bidos, Nazar\u00e9, Alfama, Senhora do Monte, Pante\u00e3o, S\u00e9 de Lisboa, Ginjinha, Pasteis de Bel\u00e9m, Fado, Mouraria, Bairro Alto, Cais Sodr\u00e9","robots":{"index":"index","follow":"follow","max-snippet":"max-snippet:-1","max-image-preview":"max-image-preview:large","max-video-preview":"max-video-preview:-1"},"canonical":"https:\/\/chaparrus.pt\/en\/elementor-8\/","og_locale":"en_GB","og_type":"article","og_title":"Coming Soon - Chaparru&#039;s","og_description":"Tuk Tuk Tours Portugal, Tuk Tuk, Tuktuk, Lisboa, Passeios Tuk Tuk, passeios privados, Tours privados, tours tuk tuk lisboa, os melhores guias Lisboa, Sintra, cascais, Lisboa, F\u00e1tima, \u00d3bidos, Nazar\u00e9, Alfama, Senhora do Monte, Pante\u00e3o, S\u00e9 de Lisboa, Ginjinha, Pasteis de Bel\u00e9m, Fado, Mouraria, Bairro Alto, Cais Sodr\u00e9","og_url":"https:\/\/chaparrus.pt\/en\/elementor-8\/","og_site_name":"Chaparru&#039;s","article_modified_time":"2023-05-10T17:24:30+00:00","og_image":[{"url":"https:\/\/chaparrus.pt\/wp-content\/uploads\/2022\/08\/logo-chaparrus-white-50x16.png"}],"twitter_card":"summary_large_image","twitter_misc":{"Estimated reading time":"1 minute"},"schema":{"@context":"https:\/\/schema.org","@graph":[{"@type":"WebPage","@id":"https:\/\/chaparrus.pt\/elementor-8\/","url":"https:\/\/chaparrus.pt\/elementor-8\/","name":"Coming Soon - Chaparru&#039;s","isPartOf":{"@id":"https:\/\/chaparrus.pt\/#website"},"primaryImageOfPage":{"@id":"https:\/\/chaparrus.pt\/elementor-8\/#primaryimage"},"image":{"@id":"https:\/\/chaparrus.pt\/elementor-8\/#primaryimage"},"thumbnailUrl":"https:\/\/chaparrus.pt\/wp-content\/uploads\/2022\/08\/logo-chaparrus-white-50x16.png","datePublished":"2022-07-19T16:04:00+00:00","dateModified":"2023-05-10T17:24:30+00:00","description":"Tuk Tuk Tours Portugal, Tuk Tuk, Tuktuk, Lisboa, Passeios Tuk Tuk, passeios privados, Tours privados, tours tuk tuk lisboa, os melhores guias Lisboa, Sintra, cascais, Lisboa, F\u00e1tima, \u00d3bidos, Nazar\u00e9, Alfama, Senhora do Monte, Pante\u00e3o, S\u00e9 de Lisboa, Ginjinha, Pasteis de Bel\u00e9m, Fado, Mouraria, Bairro Alto, Cais Sodr\u00e9","breadcrumb":{"@id":"https:\/\/chaparrus.pt\/elementor-8\/#breadcrumb"},"inLanguage":"en-GB","potentialAction":[{"@type":"ReadAction","target":["https:\/\/chaparrus.pt\/elementor-8\/"]}]},{"@type":"ImageObject","inLanguage":"en-GB","@id":"https:\/\/chaparrus.pt\/elementor-8\/#primaryimage","url":"https:\/\/chaparrus.pt\/wp-content\/uploads\/2022\/08\/logo-chaparrus-white-50x16.png","contentUrl":"https:\/\/chaparrus.pt\/wp-content\/uploads\/2022\/08\/logo-chaparrus-white-50x16.png"},{"@type":"BreadcrumbList","@id":"https:\/\/chaparrus.pt\/elementor-8\/#breadcrumb","itemListElement":[{"@type":"ListItem","position":1,"name":"In\u00edcio","item":"https:\/\/chaparrus.pt\/"},{"@type":"ListItem","position":2,"name":"Coming Soon"}]},{"@type":"WebSite","@id":"https:\/\/chaparrus.pt\/#website","url":"https:\/\/chaparrus.pt\/","name":"Chaparru\u00b4s","description":"Um projeto de turismo pensado para ser animado, divertido, informativo.","publisher":{"@id":"https:\/\/chaparrus.pt\/#organization"},"potentialAction":[{"@type":"SearchAction","target":{"@type":"EntryPoint","urlTemplate":"https:\/\/chaparrus.pt\/?s={search_term_string}"},"query-input":"required name=search_term_string"}],"inLanguage":"en-GB"},{"@type":"Organization","@id":"https:\/\/chaparrus.pt\/#organization","name":"Chaparru\u00b4s","alternateName":"Chaparru\u00b4s Tourism","url":"https:\/\/chaparrus.pt\/","logo":{"@type":"ImageObject","inLanguage":"en-GB","@id":"https:\/\/chaparrus.pt\/#\/schema\/logo\/image\/","url":"https:\/\/chaparrus.pt\/wp-content\/uploads\/2024\/08\/cropped-chaparrus_tours_logo_t.png","contentUrl":"https:\/\/chaparrus.pt\/wp-content\/uploads\/2024\/08\/cropped-chaparrus_tours_logo_t.png","width":594,"height":472,"caption":"Chaparru\u00b4s"},"image":{"@id":"https:\/\/chaparrus.pt\/#\/schema\/logo\/image\/"}}]}},"_links":{"self":[{"href":"https:\/\/chaparrus.pt\/en\/wp-json\/wp\/v2\/pages\/8","targetHints":{"allow":["GET"]}}],"collection":[{"href":"https:\/\/chaparrus.pt\/en\/wp-json\/wp\/v2\/pages"}],"about":[{"href":"https:\/\/chaparrus.pt\/en\/wp-json\/wp\/v2\/types\/page"}],"author":[{"embeddable":true,"href":"https:\/\/chaparrus.pt\/en\/wp-json\/wp\/v2\/users\/1"}],"replies":[{"embeddable":true,"href":"https:\/\/chaparrus.pt\/en\/wp-json\/wp\/v2\/comments?post=8"}],"version-history":[{"count":61,"href":"https:\/\/chaparrus.pt\/en\/wp-json\/wp\/v2\/pages\/8\/revisions"}],"predecessor-version":[{"id":1841,"href":"https:\/\/chaparrus.pt\/en\/wp-json\/wp\/v2\/pages\/8\/revisions\/1841"}],"wp:attachment":[{"href":"https:\/\/chaparrus.pt\/en\/wp-json\/wp\/v2\/media?parent=8"}],"curies":[{"name":"wp","href":"https:\/\/api.w.org\/{rel}","templated":true}]}}